{"id":1443,"date":"2025-02-21T10:21:11","date_gmt":"2025-02-21T03:21:11","guid":{"rendered":"https:\/\/apusplatform.com\/?page_id=1443"},"modified":"2025-02-25T10:28:17","modified_gmt":"2025-02-25T03:28:17","slug":"tuyen-dung","status":"publish","type":"page","link":"https:\/\/apusplatform.com\/en\/tuyen-dung\/","title":{"rendered":"Tuy\u1ec3n d\u1ee5ng"},"content":{"rendered":"<div data-elementor-type=\"wp-page\" data-elementor-id=\"1443\" class=\"elementor elementor-1443\" data-elementor-post-type=\"page\">\n\t\t\t\t<div class=\"elementor-element elementor-element-6781f2b e-flex e-con-boxed wpr-particle-no wpr-jarallax-no wpr-parallax-no wpr-sticky-section-no parallax_section_no qode_elementor_container_no e-con e-parent\" data-id=\"6781f2b\" data-element_type=\"container\">\n\t\t\t\t\t<div class=\"e-con-inner\">\n\t\t\t\t<div class=\"elementor-element elementor-element-0e5186a elementor-widget elementor-widget-slider_revolution\" data-id=\"0e5186a\" data-element_type=\"widget\" data-widget_type=\"slider_revolution.default\">\n\t\t\t\t<div class=\"elementor-widget-container\">\n\t\t\t\t\t\n\t\t<div class=\"wp-block-themepunch-revslider\">\n\t\t\t\t<p class=\"rs-p-wp-fix\"><\/p>\n\t\t\t\t<sr7-module data-alias=\"header-tuyen-dung\" data-id=\"11\" id=\"SR7_11_1\" class=\"rs-ov-hidden\" data-version=\"6.7.27\">\n\t\t\t\t\t<sr7-adjuster><\/sr7-adjuster>\n\t\t\t\t\t<sr7-content>\n\t\t\t\t\t\t<sr7-slide id=\"SR7_11_1-30\" data-key=\"30\">\n\t\t\t\t\t\t\t<sr7-bg id=\"SR7_11_1-30-1\" class=\"sr7-layer\"><noscript><img decoding=\"async\" src=\"https:\/\/apusplatform.com\/wp-content\/uploads\/2025\/02\/Header-page.png\" alt=\"\" title=\"Header page\"><\/noscript><\/sr7-bg>\n\t\t\t\t\t\t<\/sr7-slide>\n\t\t\t\t\t\t<sr7-slide id=\"SR7_11_1-31\" data-key=\"31\">\n\t\t\t\t\t\t\t<sr7-txt id=\"SR7_11_1-31-16\" class=\"sr7-layer\">Kh\u00e1m Ph\u00e1 C\u01a1 H\u1ed9i Ngh\u1ec1 Nghi\u1ec7p H\u1ea5p D\u1eabn<\/sr7-txt>\n\t\t\t\t\t\t\t<sr7-txt id=\"SR7_11_1-31-17\" class=\"sr7-layer\">B\u1ea1n \u0111ang t\u00ecm ki\u1ebfm m\u1ed9t b\u01b0\u1edbc ti\u1ebfn m\u1edbi trong s\u1ef1 nghi\u1ec7p? H\u00e3y kh\u00e1m ph\u00e1 ngay nh\u1eefng c\u01a1 h\u1ed9i vi\u1ec7c l\u00e0m m\u1edbi nh\u1ea5t t\u1eeb ch\u00fang t\u00f4i! V\u1edbi \u0111a d\u1ea1ng v\u1ecb tr\u00ed v\u00e0 ng\u00e0nh ngh\u1ec1, ch\u00fang t\u00f4i t\u1ef1 h\u00e0o mang \u0111\u1ebfn cho b\u1ea1n nh\u1eefng l\u1ef1a ch\u1ecdn c\u00f4ng vi\u1ec7c ph\u00f9 h\u1ee3p nh\u1ea5t v\u1edbi k\u1ef9 n\u0103ng v\u00e0 \u0111am m\u00ea c\u1ee7a b\u1ea1n. \u0110\u1eebng b\u1ecf l\u1ee1 c\u01a1 h\u1ed9i \u0111\u1ec3 \u1ee9ng tuy\u1ec3n v\u00e0o c\u00e1c v\u1ecb tr\u00ed h\u1ea5p d\u1eabn ngay h\u00f4m nay \u2013 t\u01b0\u01a1ng lai m\u00e0 b\u1ea1n mong \u0111\u1ee3i c\u00f3 th\u1ec3 b\u1eaft \u0111\u1ea7u t\u1eeb \u0111\u00e2y!<\/sr7-txt>\n\t\t\t\t\t\t<\/sr7-slide>\n\t\t\t\t\t<\/sr7-content>\n\t\t\t\t\t<image_lists style=\"display:none\">\n\t\t\t\t\t\t<img data-src=\"\/\/apusplatform.com\/wp-content\/uploads\/2025\/02\/Header-page.png\" data-libid=\"464\" data-lib=\"medialibrary\" title=\"Header page\" width=\"0\" height=\"0\" data-dbsrc=\"Ly9hcHVzcGxhdGZvcm0uY29tL3dwLWNvbnRlbnQvdXBsb2Fkcy8yMDI1LzAyL0hlYWRlci1wYWdlLnBuZw==\"\/>\n\t\t\t\t\t<\/image_lists>\n\t\t\t\t<\/sr7-module>\n\t\t\t\t<script>\n\t\t\t\t\tSR7.PMH ??={}; SR7.PMH[\"SR7_11_1\"] = {cn:100,state:false,fn: function() { if (_tpt!==undefined && _tpt.prepareModuleHeight !== undefined) {  _tpt.prepareModuleHeight({id:\"SR7_11_1\",el:[450,450,450,450,220],type:'hero',shdw:'0',gh:[450,450,450,450,220],gw:[1920,1920,1920,1920,480],vpt:['-100px&#039;,&#039;-100px&#039;,&#039;-100px&#039;,&#039;-100px&#039;,&#039;-100px'],size:{fullWidth:true, fullHeight:false},mh:'0',onh:0,onw:0,bg:{color:'{\"orig\":\"transparent\",\"type\":\"solid\",\"string\":\"transparent\"}'}});   SR7.PMH[\"SR7_11_1\"].state=true;} else if(SR7.PMH[\"SR7_11_1\"].cn-->0)\tsetTimeout( SR7.PMH[\"SR7_11_1\"].fn,19);}};SR7.PMH[\"SR7_11_1\" ].fn();\n\t\t\t\t<\/script>\n<\/div>\n\n\t\t\t\t\t\t<\/div>\n\t\t\t\t<\/div>\n\t\t\t\t\t<\/div>\n\t\t\t\t<\/div>\n\t\t<div class=\"elementor-element elementor-element-2f9bbf6 e-flex e-con-boxed wpr-particle-no wpr-jarallax-no wpr-parallax-no wpr-sticky-section-no parallax_section_no qode_elementor_container_no e-con e-parent\" data-id=\"2f9bbf6\" data-element_type=\"container\">\n\t\t\t\t\t<div class=\"e-con-inner\">\n\t\t\t\t<div class=\"elementor-element elementor-element-2129217 elementor-widget elementor-widget-spacer\" data-id=\"2129217\" data-element_type=\"widget\" data-widget_type=\"spacer.default\">\n\t\t\t\t<div class=\"elementor-widget-container\">\n\t\t\t\t\t\t\t<div class=\"elementor-spacer\">\n\t\t\t<div class=\"elementor-spacer-inner\"><\/div>\n\t\t<\/div>\n\t\t\t\t\t\t<\/div>\n\t\t\t\t<\/div>\n\t\t\t\t<div class=\"elementor-element elementor-element-82740c1 elementor-widget elementor-widget-search\" data-id=\"82740c1\" data-element_type=\"widget\" data-settings=\"{&quot;live_results&quot;:&quot;yes&quot;,&quot;template_id&quot;:1513,&quot;submit_trigger&quot;:&quot;both&quot;,&quot;minimum_search_characters&quot;:3,&quot;pagination_type_options&quot;:&quot;none&quot;,&quot;results_is_dropdown_width&quot;:&quot;search_field&quot;}\" data-widget_type=\"search.default\">\n\t\t\t\t<div class=\"elementor-widget-container\">\n\t\t\t\t\t\t\t<search class=\"e-search hidden\" role=\"search\">\n\t\t\t<form class=\"e-search-form\" action=\"https:\/\/apusplatform.com\/en\/\" method=\"get\" data-trp-original-action=\"https:\/\/apusplatform.com\/en\">\n\n\t\t\t\t\n\t\t\t\t<label class=\"e-search-label\" for=\"search-82740c1\">\n\t\t\t\t\t<span class=\"elementor-screen-only\">\n\t\t\t\t\t\tSearch\t\t\t\t\t<\/span>\n\t\t\t\t\t\t\t\t\t<\/label>\n\n\t\t\t\t<div class=\"e-search-input-wrapper\">\n\t\t\t\t\t<input id=\"search-82740c1\" placeholder=\"Nh\u1eadp t\u1eeb kh\u00f3a t\u00ecm ki\u1ebfm...\" class=\"e-search-input\" type=\"search\" name=\"s\" value=\"\" autocomplete=\"off\" role=\"combobox\" aria-autocomplete=\"list\" aria-expanded=\"false\" aria-controls=\"results-82740c1\" aria-haspopup=\"listbox\">\n\t\t\t\t\t<svg aria-hidden=\"true\" class=\"e-font-icon-svg e-fas-times\" viewbox=\"0 0 352 512\" xmlns=\"http:\/\/www.w3.org\/2000\/svg\"><path d=\"M242.72 256l100.07-100.07c12.28-12.28 12.28-32.19 0-44.48l-22.24-22.24c-12.28-12.28-32.19-12.28-44.48 0L176 189.28 75.93 89.21c-12.28-12.28-32.19-12.28-44.48 0L9.21 111.45c-12.28 12.28-12.28 32.19 0 44.48L109.28 256 9.21 356.07c-12.28 12.28-12.28 32.19 0 44.48l22.24 22.24c12.28 12.28 32.2 12.28 44.48 0L176 322.72l100.07 100.07c12.28 12.28 32.2 12.28 44.48 0l22.24-22.24c12.28-12.28 12.28-32.19 0-44.48L242.72 256z\"><\/path><\/svg>\t\t\t\t\t\t\t\t\t\t<output id=\"results-82740c1\" class=\"e-search-results-container hide-loader\" aria-live=\"polite\" aria-atomic=\"true\" aria-label=\"Results for search\" tabindex=\"0\">\n\t\t\t\t\t\t<div class=\"e-search-results\"><\/div>\n\t\t\t\t\t\t\t\t\t\t\t<\/output>\n\t\t\t\t\t\t\t\t\t<\/div>\n\t\t\t\t\n\t\t\t\t\n\t\t\t\t<button class=\"e-search-submit\" type=\"submit\">\n\t\t\t\t\t\n\t\t\t\t\t\t\t\t\t\t<span class=\"\">\n\t\t\t\t\t\tT\u00ecm ki\u1ebfm\t\t\t\t\t<\/span>\n\t\t\t\t\t\t\t\t\t<\/button>\n\t\t\t\t<input type=\"hidden\" name=\"e_search_props\" value=\"82740c1-1443\">\n\t\t\t<input type=\"hidden\" name=\"trp-form-language\" value=\"en\"\/><\/form>\n\t\t<\/search>\n\t\t\t\t\t\t<\/div>\n\t\t\t\t<\/div>\n\t\t\t\t<div class=\"elementor-element elementor-element-c06ba7d wpr-grid-columns-1 wpr-grid-columns--tablet2 wpr-grid-columns--mobile1 wpr-grid-pagination-center wpr-item-styles-inner elementor-widget elementor-widget-wpr-grid\" data-id=\"c06ba7d\" data-element_type=\"widget\" data-widget_type=\"wpr-grid.default\">\n\t\t\t\t<div class=\"elementor-widget-container\">\n\t\t\t\t\t<ul class=\"wpr-grid-filters elementor-clearfix wpr-grid-filters-sep-right\"><li class=\"wpr-pointer-none wpr-pointer-line-fx wpr-pointer-fx-none\"><span  data-filter=\"*\" class=\"wpr-grid-filters-item wpr-active-filter\">All Posts<\/span><em class=\"wpr-grid-filters-sep\"><\/em><\/li><li class=\"wpr-pointer-none wpr-pointer-line-fx wpr-pointer-fx-none\"><span   data-ajax-filter=\"[\"category\",\"tuyen-dung\"]\" data-filter=\".category-tuyen-dung\">Tuy\u1ec3n d\u1ee5ng<\/span><em class=\"wpr-grid-filters-sep\"><\/em><\/li><\/ul><section class=\"wpr-grid elementor-clearfix\" data-settings=\"{&quot;layout&quot;:&quot;list&quot;,&quot;stick_last_element_to_bottom&quot;:&quot;no&quot;,&quot;columns_desktop&quot;:&quot;1&quot;,&quot;gutter_hr&quot;:15,&quot;gutter_hr_mobile&quot;:15,&quot;gutter_hr_mobile_extra&quot;:15,&quot;gutter_hr_tablet&quot;:15,&quot;gutter_hr_tablet_extra&quot;:15,&quot;gutter_hr_laptop&quot;:15,&quot;gutter_hr_widescreen&quot;:15,&quot;gutter_vr&quot;:15,&quot;gutter_vr_mobile&quot;:15,&quot;gutter_vr_mobile_extra&quot;:15,&quot;gutter_vr_tablet&quot;:15,&quot;gutter_vr_tablet_extra&quot;:15,&quot;gutter_vr_laptop&quot;:15,&quot;gutter_vr_widescreen&quot;:15,&quot;animation&quot;:&quot;default&quot;,&quot;animation_duration&quot;:0.3,&quot;animation_delay&quot;:0.1,&quot;deeplinking&quot;:&quot;&quot;,&quot;filters_linkable&quot;:&quot;no&quot;,&quot;filters_default_filter&quot;:&quot;&quot;,&quot;filters_count&quot;:&quot;&quot;,&quot;filters_hide_empty&quot;:&quot;no&quot;,&quot;filters_animation&quot;:&quot;default&quot;,&quot;filters_animation_duration&quot;:0.3,&quot;filters_animation_delay&quot;:0.1,&quot;pagination_type&quot;:&quot;load-more&quot;,&quot;pagination_max_pages&quot;:1,&quot;media_align&quot;:&quot;left&quot;,&quot;media_width&quot;:30,&quot;media_distance&quot;:20,&quot;lightbox&quot;:{&quot;selector&quot;:&quot;.wpr-grid-image-wrap&quot;,&quot;iframeMaxWidth&quot;:&quot;60%&quot;,&quot;hash&quot;:false,&quot;autoplay&quot;:&quot;true&quot;,&quot;pause&quot;:5000,&quot;progressBar&quot;:&quot;true&quot;,&quot;counter&quot;:&quot;true&quot;,&quot;controls&quot;:&quot;true&quot;,&quot;getCaptionFromTitleOrAlt&quot;:&quot;true&quot;,&quot;thumbnail&quot;:&quot;&quot;,&quot;showThumbByDefault&quot;:&quot;&quot;,&quot;share&quot;:&quot;&quot;,&quot;zoom&quot;:&quot;true&quot;,&quot;fullScreen&quot;:&quot;true&quot;,&quot;download&quot;:&quot;true&quot;}}\" data-advanced-filters=\"no\"><article class=\"wpr-grid-item elementor-clearfix post-1465 post type-post status-publish format-standard has-post-thumbnail hentry category-tuyen-dung tag-developer tag-lap-trinh-vien tag-tuyen-dung\"><div class=\"wpr-grid-item-inner\"><div class=\"wpr-grid-media-wrap wpr-effect-size-medium\" data-overlay-link=\"yes\"><div class=\"wpr-grid-image-wrap\" data-src=\"https:\/\/apusplatform.com\/wp-content\/uploads\/2025\/02\/Apus-Platform-Tuyen-dung-Frontend-Developer-All-level.png\" data-img-on-hover=\"\"  data-src-secondary=\"\"><img decoding=\"async\" data-no-lazy=\"1\" src=\"https:\/\/apusplatform.com\/wp-content\/uploads\/2025\/02\/Apus-Platform-Tuyen-dung-Frontend-Developer-All-level.png\" alt=\"Frontend Developer &#8211; All level\" class=\"wpr-anim-timing-ease-default\"><\/div><div class=\"wpr-grid-media-hover wpr-animation-wrap\"><div class=\"wpr-grid-media-hover-bg  wpr-overlay-fade-in wpr-anim-size-large wpr-anim-timing-ease-default wpr-anim-transparency\" data-url=\"https:\/\/apusplatform.com\/en\/2025\/02\/frontend-developer-all-level\/\"><\/div><\/div><\/div><div class=\"wpr-grid-item-below-content elementor-clearfix\"><h2 class=\"wpr-grid-item-title elementor-repeater-item-2c1df40 wpr-grid-item-display-block wpr-grid-item-align-left wpr-pointer-none wpr-pointer-line-fx wpr-pointer-fx-fade\"><div class=\"inner-block\"><a target=\"_self\"  href=\"https:\/\/apusplatform.com\/en\/2025\/02\/frontend-developer-all-level\/\">Frontend Developer &#8211; All level<\/a><\/div><\/h2><div class=\"wpr-grid-item-date elementor-repeater-item-367cb62 wpr-grid-item-display-inline wpr-grid-item-align-left\"><div class=\"inner-block\"><span>February 24, 2025<span class=\"wpr-grid-extra-text-right\">\/<\/span><\/span><\/div><\/div><div class=\"wpr-grid-item-comments elementor-repeater-item-15a4a25 wpr-grid-item-display-inline wpr-grid-item-align-left\"><div class=\"inner-block\"><a href=\"https:\/\/apusplatform.com\/en\/2025\/02\/frontend-developer-all-level\/#respond\"><span>Kh\u00f4ng c\u00f3 b\u00ecnh lu\u1eadn<\/span><\/a><\/div><\/div><div class=\"wpr-grid-item-excerpt elementor-repeater-item-f814139 wpr-grid-item-display-block wpr-grid-item-align-left\"><div class=\"inner-block\"><p>Tuy\u1ec3n d\u1ee5ng l\u1eadp tr\u00ecnh vi\u00ean Frontend M\u00f4 t\u1ea3 c\u00f4ng vi\u1ec7c Tham gia x\u00e2y d\u1ef1ng c\u00e1c d\u1ef1 \u00e1n Ecommerce v\u00e0 ERP...<\/p><\/div><\/div><div class=\"wpr-grid-item-read-more elementor-repeater-item-c583854 wpr-grid-item-display-block wpr-grid-item-align-left\"><div class=\"inner-block\"><a target=\"_self\" href=\"https:\/\/apusplatform.com\/en\/2025\/02\/frontend-developer-all-level\/\" class=\"wpr-button-effect wpr-button-none\"><span>Xem th\u00eam<\/span><\/a><\/div><\/div><\/div><\/div><\/article><article class=\"wpr-grid-item elementor-clearfix post-1450 post type-post status-publish format-standard has-post-thumbnail hentry category-tuyen-dung tag-developer tag-lap-trinh-vien tag-tuyen-dung\"><div class=\"wpr-grid-item-inner\"><div class=\"wpr-grid-media-wrap wpr-effect-size-medium\" data-overlay-link=\"yes\"><div class=\"wpr-grid-image-wrap\" data-src=\"https:\/\/apusplatform.com\/wp-content\/uploads\/2025\/02\/Apus-Platform-Tuyen-dung-Java-Developer-All-level.png\" data-img-on-hover=\"\"  data-src-secondary=\"\"><img decoding=\"async\" data-no-lazy=\"1\" src=\"https:\/\/apusplatform.com\/wp-content\/uploads\/2025\/02\/Apus-Platform-Tuyen-dung-Java-Developer-All-level.png\" alt=\"Java Developer &#8211; All level\" class=\"wpr-anim-timing-ease-default\"><\/div><div class=\"wpr-grid-media-hover wpr-animation-wrap\"><div class=\"wpr-grid-media-hover-bg  wpr-overlay-fade-in wpr-anim-size-large wpr-anim-timing-ease-default wpr-anim-transparency\" data-url=\"https:\/\/apusplatform.com\/en\/2025\/02\/java-developer-all-level\/\"><\/div><\/div><\/div><div class=\"wpr-grid-item-below-content elementor-clearfix\"><h2 class=\"wpr-grid-item-title elementor-repeater-item-2c1df40 wpr-grid-item-display-block wpr-grid-item-align-left wpr-pointer-none wpr-pointer-line-fx wpr-pointer-fx-fade\"><div class=\"inner-block\"><a target=\"_self\"  href=\"https:\/\/apusplatform.com\/en\/2025\/02\/java-developer-all-level\/\">Java Developer &#8211; All level<\/a><\/div><\/h2><div class=\"wpr-grid-item-date elementor-repeater-item-367cb62 wpr-grid-item-display-inline wpr-grid-item-align-left\"><div class=\"inner-block\"><span>February 24, 2025<span class=\"wpr-grid-extra-text-right\">\/<\/span><\/span><\/div><\/div><div class=\"wpr-grid-item-comments elementor-repeater-item-15a4a25 wpr-grid-item-display-inline wpr-grid-item-align-left\"><div class=\"inner-block\"><a href=\"https:\/\/apusplatform.com\/en\/2025\/02\/java-developer-all-level\/#respond\"><span>Kh\u00f4ng c\u00f3 b\u00ecnh lu\u1eadn<\/span><\/a><\/div><\/div><div class=\"wpr-grid-item-excerpt elementor-repeater-item-f814139 wpr-grid-item-display-block wpr-grid-item-align-left\"><div class=\"inner-block\"><p>Tuy\u1ec3n d\u1ee5ng l\u1eadp tr\u00ecnh vi\u00ean Java M\u00f4 t\u1ea3 c\u00f4ng vi\u1ec7c Tham gia x\u00e2y d\u1ef1ng c\u00e1c d\u1ef1 \u00e1n Ecommerce v\u00e0 ERP...<\/p><\/div><\/div><div class=\"wpr-grid-item-read-more elementor-repeater-item-c583854 wpr-grid-item-display-block wpr-grid-item-align-left\"><div class=\"inner-block\"><a target=\"_self\" href=\"https:\/\/apusplatform.com\/en\/2025\/02\/java-developer-all-level\/\" class=\"wpr-button-effect wpr-button-none\"><span>Xem th\u00eam<\/span><\/a><\/div><\/div><\/div><\/div><\/article><\/section>\t\t\t\t<\/div>\n\t\t\t\t<\/div>\n\t\t\t\t<div class=\"elementor-element elementor-element-1be4fc2 elementor-widget elementor-widget-spacer\" data-id=\"1be4fc2\" data-element_type=\"widget\" data-widget_type=\"spacer.default\">\n\t\t\t\t<div class=\"elementor-widget-container\">\n\t\t\t\t\t\t\t<div class=\"elementor-spacer\">\n\t\t\t<div class=\"elementor-spacer-inner\"><\/div>\n\t\t<\/div>\n\t\t\t\t\t\t<\/div>\n\t\t\t\t<\/div>\n\t\t\t\t\t<\/div>\n\t\t\t\t<\/div>\n\t\t\t\t<\/div>","protected":false},"excerpt":{"rendered":"<p>Search T\u00ecm ki\u1ebfm All Posts Tuy\u1ec3n d\u1ee5ng Frontend Developer &#8211; All level February 24, 2025\/Kh\u00f4ng c\u00f3 b\u00ecnh lu\u1eadn Tuy\u1ec3n d\u1ee5ng l\u1eadp tr\u00ecnh vi\u00ean Frontend M\u00f4 t\u1ea3 c\u00f4ng vi\u1ec7c Tham gia x\u00e2y d\u1ef1ng c\u00e1c d\u1ef1 \u00e1n Ecommerce v\u00e0 ERP&hellip; Xem th\u00eam Java Developer &#8211; All level&#8230;<\/p>","protected":false},"author":1,"featured_media":0,"parent":0,"menu_order":0,"comment_status":"closed","ping_status":"closed","template":"full_width.php","meta":{"footnotes":""},"class_list":["post-1443","page","type-page","status-publish","hentry"],"_links":{"self":[{"href":"https:\/\/apusplatform.com\/en\/wp-json\/wp\/v2\/pages\/1443","targetHints":{"allow":["GET"]}}],"collection":[{"href":"https:\/\/apusplatform.com\/en\/wp-json\/wp\/v2\/pages"}],"about":[{"href":"https:\/\/apusplatform.com\/en\/wp-json\/wp\/v2\/types\/page"}],"author":[{"embeddable":true,"href":"https:\/\/apusplatform.com\/en\/wp-json\/wp\/v2\/users\/1"}],"replies":[{"embeddable":true,"href":"https:\/\/apusplatform.com\/en\/wp-json\/wp\/v2\/comments?post=1443"}],"version-history":[{"count":25,"href":"https:\/\/apusplatform.com\/en\/wp-json\/wp\/v2\/pages\/1443\/revisions"}],"predecessor-version":[{"id":1585,"href":"https:\/\/apusplatform.com\/en\/wp-json\/wp\/v2\/pages\/1443\/revisions\/1585"}],"wp:attachment":[{"href":"https:\/\/apusplatform.com\/en\/wp-json\/wp\/v2\/media?parent=1443"}],"curies":[{"name":"wp","href":"https:\/\/api.w.org\/{rel}","templated":true}]}}